{"id":2237,"date":"2024-04-15T15:40:49","date_gmt":"2024-04-15T13:40:49","guid":{"rendered":"https:\/\/cozystay.loftocean.com\/island-resort\/?page_id=2237"},"modified":"2024-04-15T17:11:47","modified_gmt":"2024-04-15T15:11:47","slug":"refund_returns-2","status":"publish","type":"page","link":"https:\/\/srv7.stroniarz.pl\/czillas\/?page_id=2237","title":{"rendered":"Regulamin"},"content":{"rendered":"\n<p>Realizacja rezerwacji nast\u0119puje po wp\u0142acie 35% warto\u015bci pobytu w formie zadatku w ci\u0105gu 2 dni roboczych na konto, kt\u00f3re wy\u015blemy z potwierdzaniem dost\u0119pno\u015bci terminu i potwierdzeniu warunk\u00f3w uczestnictwa poczt\u0105 elektroniczn\u0105 \/ wy\u015blij potwierdzenie\/<\/p>\n\n\n\n<p>\u2013 w przypadku rezerwacji w ostatniej chwili wp\u0142ata wynosi 50% ceny<\/p>\n\n\n\n<p>\u2013 kwota pozosta\u0142a do zap\u0142aty p\u0142atna przelewem dwa dni przed przyjazdem<\/p>\n\n\n\n<p>\u2013 w przypadku skr\u00f3cenia pobytu obj\u0119tego rezerwacj\u0105 nale\u017cno\u015b\u0107 za niewykorzystane dni nie podlega zwrotowi.<\/p>\n\n\n\n<h2 class=\"wp-block-heading\">Zasady domowe:<\/h2>\n\n\n\n<ul class=\"wp-block-list\">\n<li>ca\u0142kowity zakaz palenia w budynku<\/li>\n\n\n\n<li>zakwaterowanie do godz. 19.00<\/li>\n\n\n\n<li>zakaz przebywania os\u00f3b niezameldowanych na terenie posesji<\/li>\n\n\n\n<li>W okresie wakacyjnym apartamenty wynajmujemy w systemie tygodniowym<\/li>\n<\/ul>\n\n\n\n<p>od soboty godz. 16.00 do soboty godz.10.00, poza sezonem do uzgodnienia.<\/p>\n\n\n\n<p>Miejsce przyjazne zwierz\u0119tom.<\/p>\n\n\n\n<p><strong>Uwaga! Nie wydajemy r\u0119cznik\u00f3w.<\/strong><\/p>\n","protected":false},"excerpt":{"rendered":"<p>Realizacja rezerwacji nast\u0119puje po wp\u0142acie 35% warto\u015bci pobytu w formie zadatku w ci\u0105gu 2 dni roboczych na konto, kt\u00f3re wy\u015blemy z potwierdzaniem dost\u0119pno\u015bci terminu i potwierdzeniu warunk\u00f3w uczestnictwa poczt\u0105 elektroniczn\u0105 \/ wy\u015blij potwierdzenie\/ \u2013 w przypadku rezerwacji w ostatniej chwili wp\u0142ata wynosi 50% ceny \u2013 kwota pozosta\u0142a do zap\u0142aty p\u0142atna przelewem dwa dni przed przyjazdem &#8230;<\/p>\n","protected":false},"author":1,"featured_media":2390,"parent":0,"menu_order":0,"comment_status":"closed","ping_status":"closed","template":"","meta":{"_monsterinsights_skip_tracking":false,"_monsterinsights_sitenote_active":false,"_monsterinsights_sitenote_note":"","_monsterinsights_sitenote_category":0,"cozystay_single_page_hide_site_header":"","cozystay_single_page_site_header_source":"","cozystay_single_page_custom_site_header":"0","cozystay_single_page_custom_sticky_site_header":"0","cozystay_single_page_hide_page_title":"","cozystay_single_page_header_section_size":"","cozystay_single_page_header_background_color":"","cozystay_single_page_header_background_position_x":"center","cozystay_single_page_header_background_position_y":"center","cozystay_single_page_header_background_size":"cover","cozystay_single_page_header_background_repeat":"off","cozystay_single_page_header_background_scroll":"on","cozystay_single_page_header_text_color":"","cozystay_single_page_header_show_breadcrumb":"","cozystay_single_page_site_footer_hide_main":"","cozystay_single_custom_site_footer_main_source":"","cozystay_single_custom_site_footer_main":"0","cozystay_single_page_site_footer_hide_above":"","cozystay_single_custom_site_footer_above_source":"","cozystay_single_custom_site_footer_above":"0","cozystay_single_page_site_footer_hide_instagram":"","cozystay_single_page_site_footer_hide_bottom":"","cozystay_single_custom_mobile_menu_source":"","cozystay_single_custom_mobile_menu":"0","cozystay_single_custom_mobile_menu_animation":"","cozystay_single_custom_mobile_menu_width":"","cozystay_single_custom_mobile_menu_custom_width":375,"footnotes":""},"class_list":["post-2237","page","type-page","status-publish","has-post-thumbnail","hentry"],"yoast_head":"<!-- This site is optimized with the Yoast SEO plugin v22.4 - https:\/\/yoast.com\/wordpress\/plugins\/seo\/ -->\n<title>Regulamin - czilczas<\/title>\n<meta name=\"robots\" content=\"index, follow, max-snippet:-1, max-image-preview:large, max-video-preview:-1\" \/>\n<link rel=\"canonical\" href=\"https:\/\/srv7.stroniarz.pl\/czillas\/?page_id=2237\" \/>\n<meta property=\"og:locale\" content=\"pl_PL\" \/>\n<meta property=\"og:type\" content=\"article\" \/>\n<meta property=\"og:title\" content=\"Regulamin - czilczas\" \/>\n<meta property=\"og:description\" content=\"Realizacja rezerwacji nast\u0119puje po wp\u0142acie 35% warto\u015bci pobytu w formie zadatku w ci\u0105gu 2 dni roboczych na konto, kt\u00f3re wy\u015blemy z potwierdzaniem dost\u0119pno\u015bci terminu i potwierdzeniu warunk\u00f3w uczestnictwa poczt\u0105 elektroniczn\u0105 \/ wy\u015blij potwierdzenie\/ \u2013 w przypadku rezerwacji w ostatniej chwili wp\u0142ata wynosi 50% ceny \u2013 kwota pozosta\u0142a do zap\u0142aty p\u0142atna przelewem dwa dni przed przyjazdem ...\" \/>\n<meta property=\"og:url\" content=\"https:\/\/srv7.stroniarz.pl\/czillas\/?page_id=2237\" \/>\n<meta property=\"og:site_name\" content=\"czilczas\" \/>\n<meta property=\"article:modified_time\" content=\"2024-04-15T15:11:47+00:00\" \/>\n<meta property=\"og:image\" content=\"https:\/\/srv7.stroniarz.pl\/czillas\/wp-content\/uploads\/2024\/04\/image00001-scaled.jpeg\" \/>\n\t<meta property=\"og:image:width\" content=\"2560\" \/>\n\t<meta property=\"og:image:height\" content=\"1920\" \/>\n\t<meta property=\"og:image:type\" content=\"image\/jpeg\" \/>\n<meta name=\"twitter:card\" content=\"summary_large_image\" \/>\n<meta name=\"twitter:label1\" content=\"Szacowany czas czytania\" \/>\n\t<meta name=\"twitter:data1\" content=\"1 minuta\" \/>\n<script type=\"application\/ld+json\" class=\"yoast-schema-graph\">{\"@context\":\"https:\/\/schema.org\",\"@graph\":[{\"@type\":\"WebPage\",\"@id\":\"https:\/\/srv7.stroniarz.pl\/czillas\/?page_id=2237\",\"url\":\"https:\/\/srv7.stroniarz.pl\/czillas\/?page_id=2237\",\"name\":\"Regulamin - czilczas\",\"isPartOf\":{\"@id\":\"https:\/\/srv7.stroniarz.pl\/czillas\/#website\"},\"primaryImageOfPage\":{\"@id\":\"https:\/\/srv7.stroniarz.pl\/czillas\/?page_id=2237#primaryimage\"},\"image\":{\"@id\":\"https:\/\/srv7.stroniarz.pl\/czillas\/?page_id=2237#primaryimage\"},\"thumbnailUrl\":\"https:\/\/srv7.stroniarz.pl\/czillas\/wp-content\/uploads\/2024\/04\/image00001-scaled.jpeg\",\"datePublished\":\"2024-04-15T13:40:49+00:00\",\"dateModified\":\"2024-04-15T15:11:47+00:00\",\"breadcrumb\":{\"@id\":\"https:\/\/srv7.stroniarz.pl\/czillas\/?page_id=2237#breadcrumb\"},\"inLanguage\":\"pl-PL\",\"potentialAction\":[{\"@type\":\"ReadAction\",\"target\":[\"https:\/\/srv7.stroniarz.pl\/czillas\/?page_id=2237\"]}]},{\"@type\":\"ImageObject\",\"inLanguage\":\"pl-PL\",\"@id\":\"https:\/\/srv7.stroniarz.pl\/czillas\/?page_id=2237#primaryimage\",\"url\":\"https:\/\/srv7.stroniarz.pl\/czillas\/wp-content\/uploads\/2024\/04\/image00001-scaled.jpeg\",\"contentUrl\":\"https:\/\/srv7.stroniarz.pl\/czillas\/wp-content\/uploads\/2024\/04\/image00001-scaled.jpeg\",\"width\":2560,\"height\":1920},{\"@type\":\"BreadcrumbList\",\"@id\":\"https:\/\/srv7.stroniarz.pl\/czillas\/?page_id=2237#breadcrumb\",\"itemListElement\":[{\"@type\":\"ListItem\",\"position\":1,\"name\":\"Home\",\"item\":\"https:\/\/srv7.stroniarz.pl\/czillas\/\"},{\"@type\":\"ListItem\",\"position\":2,\"name\":\"Regulamin\"}]},{\"@type\":\"WebSite\",\"@id\":\"https:\/\/srv7.stroniarz.pl\/czillas\/#website\",\"url\":\"https:\/\/srv7.stroniarz.pl\/czillas\/\",\"name\":\"czilczas\",\"description\":\"\",\"publisher\":{\"@id\":\"https:\/\/srv7.stroniarz.pl\/czillas\/#organization\"},\"potentialAction\":[{\"@type\":\"SearchAction\",\"target\":{\"@type\":\"EntryPoint\",\"urlTemplate\":\"https:\/\/srv7.stroniarz.pl\/czillas\/?s={search_term_string}\"},\"query-input\":\"required name=search_term_string\"}],\"inLanguage\":\"pl-PL\"},{\"@type\":\"Organization\",\"@id\":\"https:\/\/srv7.stroniarz.pl\/czillas\/#organization\",\"name\":\"czilczas\",\"url\":\"https:\/\/srv7.stroniarz.pl\/czillas\/\",\"logo\":{\"@type\":\"ImageObject\",\"inLanguage\":\"pl-PL\",\"@id\":\"https:\/\/srv7.stroniarz.pl\/czillas\/#\/schema\/logo\/image\/\",\"url\":\"https:\/\/srv7.stroniarz.pl\/czillas\/wp-content\/uploads\/2023\/03\/logo-3.png\",\"contentUrl\":\"https:\/\/srv7.stroniarz.pl\/czillas\/wp-content\/uploads\/2023\/03\/logo-3.png\",\"width\":457,\"height\":91,\"caption\":\"czilczas\"},\"image\":{\"@id\":\"https:\/\/srv7.stroniarz.pl\/czillas\/#\/schema\/logo\/image\/\"}}]}<\/script>\n<!-- \/ Yoast SEO plugin. -->","yoast_head_json":{"title":"Regulamin - czilczas","robots":{"index":"index","follow":"follow","max-snippet":"max-snippet:-1","max-image-preview":"max-image-preview:large","max-video-preview":"max-video-preview:-1"},"canonical":"https:\/\/srv7.stroniarz.pl\/czillas\/?page_id=2237","og_locale":"pl_PL","og_type":"article","og_title":"Regulamin - czilczas","og_description":"Realizacja rezerwacji nast\u0119puje po wp\u0142acie 35% warto\u015bci pobytu w formie zadatku w ci\u0105gu 2 dni roboczych na konto, kt\u00f3re wy\u015blemy z potwierdzaniem dost\u0119pno\u015bci terminu i potwierdzeniu warunk\u00f3w uczestnictwa poczt\u0105 elektroniczn\u0105 \/ wy\u015blij potwierdzenie\/ \u2013 w przypadku rezerwacji w ostatniej chwili wp\u0142ata wynosi 50% ceny \u2013 kwota pozosta\u0142a do zap\u0142aty p\u0142atna przelewem dwa dni przed przyjazdem ...","og_url":"https:\/\/srv7.stroniarz.pl\/czillas\/?page_id=2237","og_site_name":"czilczas","article_modified_time":"2024-04-15T15:11:47+00:00","og_image":[{"width":2560,"height":1920,"url":"https:\/\/srv7.stroniarz.pl\/czillas\/wp-content\/uploads\/2024\/04\/image00001-scaled.jpeg","type":"image\/jpeg"}],"twitter_card":"summary_large_image","twitter_misc":{"Szacowany czas czytania":"1 minuta"},"schema":{"@context":"https:\/\/schema.org","@graph":[{"@type":"WebPage","@id":"https:\/\/srv7.stroniarz.pl\/czillas\/?page_id=2237","url":"https:\/\/srv7.stroniarz.pl\/czillas\/?page_id=2237","name":"Regulamin - czilczas","isPartOf":{"@id":"https:\/\/srv7.stroniarz.pl\/czillas\/#website"},"primaryImageOfPage":{"@id":"https:\/\/srv7.stroniarz.pl\/czillas\/?page_id=2237#primaryimage"},"image":{"@id":"https:\/\/srv7.stroniarz.pl\/czillas\/?page_id=2237#primaryimage"},"thumbnailUrl":"https:\/\/srv7.stroniarz.pl\/czillas\/wp-content\/uploads\/2024\/04\/image00001-scaled.jpeg","datePublished":"2024-04-15T13:40:49+00:00","dateModified":"2024-04-15T15:11:47+00:00","breadcrumb":{"@id":"https:\/\/srv7.stroniarz.pl\/czillas\/?page_id=2237#breadcrumb"},"inLanguage":"pl-PL","potentialAction":[{"@type":"ReadAction","target":["https:\/\/srv7.stroniarz.pl\/czillas\/?page_id=2237"]}]},{"@type":"ImageObject","inLanguage":"pl-PL","@id":"https:\/\/srv7.stroniarz.pl\/czillas\/?page_id=2237#primaryimage","url":"https:\/\/srv7.stroniarz.pl\/czillas\/wp-content\/uploads\/2024\/04\/image00001-scaled.jpeg","contentUrl":"https:\/\/srv7.stroniarz.pl\/czillas\/wp-content\/uploads\/2024\/04\/image00001-scaled.jpeg","width":2560,"height":1920},{"@type":"BreadcrumbList","@id":"https:\/\/srv7.stroniarz.pl\/czillas\/?page_id=2237#breadcrumb","itemListElement":[{"@type":"ListItem","position":1,"name":"Home","item":"https:\/\/srv7.stroniarz.pl\/czillas\/"},{"@type":"ListItem","position":2,"name":"Regulamin"}]},{"@type":"WebSite","@id":"https:\/\/srv7.stroniarz.pl\/czillas\/#website","url":"https:\/\/srv7.stroniarz.pl\/czillas\/","name":"czilczas","description":"","publisher":{"@id":"https:\/\/srv7.stroniarz.pl\/czillas\/#organization"},"potentialAction":[{"@type":"SearchAction","target":{"@type":"EntryPoint","urlTemplate":"https:\/\/srv7.stroniarz.pl\/czillas\/?s={search_term_string}"},"query-input":"required name=search_term_string"}],"inLanguage":"pl-PL"},{"@type":"Organization","@id":"https:\/\/srv7.stroniarz.pl\/czillas\/#organization","name":"czilczas","url":"https:\/\/srv7.stroniarz.pl\/czillas\/","logo":{"@type":"ImageObject","inLanguage":"pl-PL","@id":"https:\/\/srv7.stroniarz.pl\/czillas\/#\/schema\/logo\/image\/","url":"https:\/\/srv7.stroniarz.pl\/czillas\/wp-content\/uploads\/2023\/03\/logo-3.png","contentUrl":"https:\/\/srv7.stroniarz.pl\/czillas\/wp-content\/uploads\/2023\/03\/logo-3.png","width":457,"height":91,"caption":"czilczas"},"image":{"@id":"https:\/\/srv7.stroniarz.pl\/czillas\/#\/schema\/logo\/image\/"}}]}},"_links":{"self":[{"href":"https:\/\/srv7.stroniarz.pl\/czillas\/index.php?rest_route=\/wp\/v2\/pages\/2237","targetHints":{"allow":["GET"]}}],"collection":[{"href":"https:\/\/srv7.stroniarz.pl\/czillas\/index.php?rest_route=\/wp\/v2\/pages"}],"about":[{"href":"https:\/\/srv7.stroniarz.pl\/czillas\/index.php?rest_route=\/wp\/v2\/types\/page"}],"author":[{"embeddable":true,"href":"https:\/\/srv7.stroniarz.pl\/czillas\/index.php?rest_route=\/wp\/v2\/users\/1"}],"replies":[{"embeddable":true,"href":"https:\/\/srv7.stroniarz.pl\/czillas\/index.php?rest_route=%2Fwp%2Fv2%2Fcomments&post=2237"}],"version-history":[{"count":8,"href":"https:\/\/srv7.stroniarz.pl\/czillas\/index.php?rest_route=\/wp\/v2\/pages\/2237\/revisions"}],"predecessor-version":[{"id":2429,"href":"https:\/\/srv7.stroniarz.pl\/czillas\/index.php?rest_route=\/wp\/v2\/pages\/2237\/revisions\/2429"}],"wp:featuredmedia":[{"embeddable":true,"href":"https:\/\/srv7.stroniarz.pl\/czillas\/index.php?rest_route=\/wp\/v2\/media\/2390"}],"wp:attachment":[{"href":"https:\/\/srv7.stroniarz.pl\/czillas\/index.php?rest_route=%2Fwp%2Fv2%2Fmedia&parent=2237"}],"curies":[{"name":"wp","href":"https:\/\/api.w.org\/{rel}","templated":true}]}}