{"id":697,"date":"2023-03-18T07:10:54","date_gmt":"2023-03-18T07:10:54","guid":{"rendered":"https:\/\/cozystay.loftocean.com\/island-resort\/?page_id=697"},"modified":"2024-04-17T11:25:54","modified_gmt":"2024-04-17T09:25:54","slug":"kontakt","status":"publish","type":"page","link":"https:\/\/srv7.stroniarz.pl\/czillas\/?page_id=697","title":{"rendered":"Kontakt"},"content":{"rendered":"\t\t<div data-elementor-type=\"wp-page\" data-elementor-id=\"697\" class=\"elementor elementor-697\">\n\t\t\t\t\t\t<section class=\"elementor-section elementor-top-section elementor-element elementor-element-ca1656d elementor-section-height-min-height cs-section-content-fullwidth cs-parallax-on-scroll cs_scroll_y_100 elementor-section-boxed elementor-section-height-default elementor-section-items-middle\" data-id=\"ca1656d\" data-element_type=\"section\" data-settings=\"{&quot;background_background&quot;:&quot;classic&quot;}\" data-cs-parallax-y=\"100\" style=\"background-image: none;\" data-cs-background-image=\"https:\/\/srv7.stroniarz.pl\/czillas\/wp-content\/uploads\/2024\/04\/WhatsApp-Image-2024-04-15-at-17.25.32-1.jpeg\">\n\t\t\t\t\t\t\t<div class=\"elementor-background-overlay\"><\/div>\n\t\t\t\t\t\t\t<div class=\"elementor-container elementor-column-gap-no\">\n\t\t\t\t\t<div class=\"elementor-column elementor-col-100 elementor-top-column elementor-element elementor-element-6b2c1df dark-color\" data-id=\"6b2c1df\" data-element_type=\"column\">\n\t\t\t<div class=\"elementor-widget-wrap elementor-element-populated\">\n\t\t\t\t\t\t<div class=\"elementor-element elementor-element-ed3f97e elementor-widget elementor-widget-cs_title\" data-id=\"ed3f97e\" data-element_type=\"widget\" data-widget_type=\"cs_title.default\">\n\t\t\t\t<div class=\"elementor-widget-container\">\n\t\t\t\n        <div class=\"cs-title-wrap text-center\">\t            <div class=\"cs-subtitle-wrap\"><span class=\"cs-subtitle color-white\">Chillas<\/span><\/div>\t            <h1 class=\"cs-title\">\n\t                Kontakt\t            <\/h1>\t            <div class=\"cs-title-text\">\n\t                <p>W przypadku rezerwacji i zapyta\u0144 prosimy o kontakt telefoniczny lub pisemny<\/p>\t            <\/div>        <\/div>\t\t<\/div>\n\t\t\t\t<\/div>\n\t\t\t\t\t<\/div>\n\t\t<\/div>\n\t\t\t\t\t<\/div>\n\t\t<\/section>\n\t\t\t\t<section class=\"elementor-section elementor-top-section elementor-element elementor-element-ac9ba41 elementor-section-full_width elementor-section-content-middle elementor-section-height-default elementor-section-height-default\" data-id=\"ac9ba41\" data-element_type=\"section\">\n\t\t\t\t\t\t<div class=\"elementor-container elementor-column-gap-no\">\n\t\t\t\t\t<div class=\"elementor-column elementor-col-50 elementor-top-column elementor-element elementor-element-a9f3bc2\" data-id=\"a9f3bc2\" data-element_type=\"column\">\n\t\t\t<div class=\"elementor-widget-wrap elementor-element-populated\">\n\t\t\t\t\t\t<div class=\"elementor-element elementor-element-d6a0979 elementor-widget elementor-widget-cs_title\" data-id=\"d6a0979\" data-element_type=\"widget\" data-widget_type=\"cs_title.default\">\n\t\t\t\t<div class=\"elementor-widget-container\">\n\t\t\t\n        <div class=\"cs-title-wrap\">\t            <h5 class=\"cs-title\">\n\t                CzilLas \t            <\/h5>\t            <div class=\"cs-title-text\">\n\t                <p>Przewie\u017a wskaz\u00f3wka jak dojecha\u0107<\/p><p><a href=\"https:\/\/www.google.com\/maps\/dir\/\/53.8701445,23.1062001\/@53.8647744,23.0829287,3399m\/data=!3m1!1e3!4m2!4m1!3e0?hl=pl-PL&amp;entry=ttu\"><u>Kliknij i nawiguj<\/u><\/a><\/p><p><span style=\"background-color: var(--bg-color);\"><b>Iwona<\/b><\/span><strong>:<\/strong> <a href=\"tel:+512273915\">+48 512 273 915<\/a><br \/><span style=\"font-size: inherit; color: var(--content-color); background-color: var(--bg-color); font-family: var(--body-font);\"><b>Maciek:<\/b> +48 503 567 566<\/span><\/p><p><span style=\"font-size: inherit; color: var(--content-color); background-color: var(--bg-color); font-family: var(--body-font);\">\u00a0<\/span><\/p><p><strong style=\"font-size: inherit; color: var(--content-color); background-color: var(--bg-color); font-family: var(--body-font);\">Email:<\/strong> <a style=\"font-size: inherit; font-family: var(--body-font);\" href=\"mailto:info@cozystay.com\">info@c<\/a><span style=\"font-size: inherit; color: var(--content-color); background-color: var(--bg-color); font-family: var(--body-font);\">zillas.pl<\/span><\/p>\t            <\/div>        <\/div>\t\t<\/div>\n\t\t\t\t<\/div>\n\t\t\t\t<div class=\"elementor-element elementor-element-4bf541a elementor-widget elementor-widget-google_maps\" data-id=\"4bf541a\" data-element_type=\"widget\" data-widget_type=\"google_maps.default\">\n\t\t\t\t<div class=\"elementor-widget-container\">\n\t\t\t<style>\/*! elementor - v3.21.0 - 30-04-2024 *\/\n.elementor-widget-google_maps .elementor-widget-container{overflow:hidden}.elementor-widget-google_maps .elementor-custom-embed{line-height:0}.elementor-widget-google_maps iframe{height:300px}<\/style>\t\t<div class=\"elementor-custom-embed\">\n\t\t\t<iframe loading=\"lazy\"\n\t\t\t\t\tsrc=\"https:\/\/maps.google.com\/maps?q=Dmuchawce%20latawce&#038;t=m&#038;z=10&#038;output=embed&#038;iwloc=near\"\n\t\t\t\t\ttitle=\"Dmuchawce latawce\"\n\t\t\t\t\taria-label=\"Dmuchawce latawce\"\n\t\t\t><\/iframe>\n\t\t<\/div>\n\t\t\t\t<\/div>\n\t\t\t\t<\/div>\n\t\t\t\t\t<\/div>\n\t\t<\/div>\n\t\t\t\t<div class=\"elementor-column elementor-col-50 elementor-top-column elementor-element elementor-element-a630739\" data-id=\"a630739\" data-element_type=\"column\" data-settings=\"{&quot;background_background&quot;:&quot;classic&quot;}\">\n\t\t\t<div class=\"elementor-widget-wrap\">\n\t\t\t\t\t\t\t<\/div>\n\t\t<\/div>\n\t\t\t\t\t<\/div>\n\t\t<\/section>\n\t\t\t\t<\/div>\n\t\t","protected":false},"excerpt":{"rendered":"<p>Chillas Kontakt W przypadku rezerwacji i zapyta\u0144 prosimy o kontakt telefoniczny lub pisemny CzilLas Przewie\u017a wskaz\u00f3wka jak dojecha\u0107 Kliknij i nawiguj Iwona: +48 512 273 915Maciek: +48 503 567 566 \u00a0 Email: info@czillas.pl<\/p>\n","protected":false},"author":1,"featured_media":0,"parent":0,"menu_order":0,"comment_status":"closed","ping_status":"closed","template":"template-wide-content.php","meta":{"_monsterinsights_skip_tracking":false,"_monsterinsights_sitenote_active":false,"_monsterinsights_sitenote_note":"","_monsterinsights_sitenote_category":0,"cozystay_single_page_hide_site_header":"","cozystay_single_page_site_header_source":"","cozystay_single_page_custom_site_header":"0","cozystay_single_page_custom_sticky_site_header":"0","cozystay_single_page_hide_page_title":"on","cozystay_single_page_header_section_size":"","cozystay_single_page_header_background_color":"","cozystay_single_page_header_background_position_x":"center","cozystay_single_page_header_background_position_y":"center","cozystay_single_page_header_background_size":"cover","cozystay_single_page_header_background_repeat":"off","cozystay_single_page_header_background_scroll":"on","cozystay_single_page_header_text_color":"","cozystay_single_page_header_show_breadcrumb":"","cozystay_single_page_site_footer_hide_main":"","cozystay_single_custom_site_footer_main_source":"","cozystay_single_custom_site_footer_main":"0","cozystay_single_page_site_footer_hide_above":"","cozystay_single_custom_site_footer_above_source":"","cozystay_single_custom_site_footer_above":"0","cozystay_single_page_site_footer_hide_instagram":"","cozystay_single_page_site_footer_hide_bottom":"","cozystay_single_custom_mobile_menu_source":"","cozystay_single_custom_mobile_menu":"0","cozystay_single_custom_mobile_menu_animation":"","cozystay_single_custom_mobile_menu_width":"","cozystay_single_custom_mobile_menu_custom_width":375,"footnotes":""},"class_list":["post-697","page","type-page","status-publish","hentry"],"yoast_head":"<!-- This site is optimized with the Yoast SEO plugin v22.4 - https:\/\/yoast.com\/wordpress\/plugins\/seo\/ -->\n<title>Kontakt - czilczas<\/title>\n<meta name=\"robots\" content=\"index, follow, max-snippet:-1, max-image-preview:large, max-video-preview:-1\" \/>\n<link rel=\"canonical\" href=\"https:\/\/srv7.stroniarz.pl\/czillas\/?page_id=697\" \/>\n<meta property=\"og:locale\" content=\"pl_PL\" \/>\n<meta property=\"og:type\" content=\"article\" \/>\n<meta property=\"og:title\" content=\"Kontakt - czilczas\" \/>\n<meta property=\"og:description\" content=\"Chillas Kontakt W przypadku rezerwacji i zapyta\u0144 prosimy o kontakt telefoniczny lub pisemny CzilLas Przewie\u017a wskaz\u00f3wka jak dojecha\u0107 Kliknij i nawiguj Iwona: +48 512 273 915Maciek: +48 503 567 566 \u00a0 Email: info@czillas.pl\" \/>\n<meta property=\"og:url\" content=\"https:\/\/srv7.stroniarz.pl\/czillas\/?page_id=697\" \/>\n<meta property=\"og:site_name\" content=\"czilczas\" \/>\n<meta property=\"article:modified_time\" content=\"2024-04-17T09:25:54+00:00\" \/>\n<meta name=\"twitter:card\" content=\"summary_large_image\" \/>\n<meta name=\"twitter:label1\" content=\"Szacowany czas czytania\" \/>\n\t<meta name=\"twitter:data1\" content=\"1 minuta\" \/>\n<script type=\"application\/ld+json\" class=\"yoast-schema-graph\">{\"@context\":\"https:\/\/schema.org\",\"@graph\":[{\"@type\":\"WebPage\",\"@id\":\"https:\/\/srv7.stroniarz.pl\/czillas\/?page_id=697\",\"url\":\"https:\/\/srv7.stroniarz.pl\/czillas\/?page_id=697\",\"name\":\"Kontakt - czilczas\",\"isPartOf\":{\"@id\":\"https:\/\/srv7.stroniarz.pl\/czillas\/#website\"},\"datePublished\":\"2023-03-18T07:10:54+00:00\",\"dateModified\":\"2024-04-17T09:25:54+00:00\",\"breadcrumb\":{\"@id\":\"https:\/\/srv7.stroniarz.pl\/czillas\/?page_id=697#breadcrumb\"},\"inLanguage\":\"pl-PL\",\"potentialAction\":[{\"@type\":\"ReadAction\",\"target\":[\"https:\/\/srv7.stroniarz.pl\/czillas\/?page_id=697\"]}]},{\"@type\":\"BreadcrumbList\",\"@id\":\"https:\/\/srv7.stroniarz.pl\/czillas\/?page_id=697#breadcrumb\",\"itemListElement\":[{\"@type\":\"ListItem\",\"position\":1,\"name\":\"Home\",\"item\":\"https:\/\/srv7.stroniarz.pl\/czillas\/\"},{\"@type\":\"ListItem\",\"position\":2,\"name\":\"Kontakt\"}]},{\"@type\":\"WebSite\",\"@id\":\"https:\/\/srv7.stroniarz.pl\/czillas\/#website\",\"url\":\"https:\/\/srv7.stroniarz.pl\/czillas\/\",\"name\":\"czilczas\",\"description\":\"\",\"publisher\":{\"@id\":\"https:\/\/srv7.stroniarz.pl\/czillas\/#organization\"},\"potentialAction\":[{\"@type\":\"SearchAction\",\"target\":{\"@type\":\"EntryPoint\",\"urlTemplate\":\"https:\/\/srv7.stroniarz.pl\/czillas\/?s={search_term_string}\"},\"query-input\":\"required name=search_term_string\"}],\"inLanguage\":\"pl-PL\"},{\"@type\":\"Organization\",\"@id\":\"https:\/\/srv7.stroniarz.pl\/czillas\/#organization\",\"name\":\"czilczas\",\"url\":\"https:\/\/srv7.stroniarz.pl\/czillas\/\",\"logo\":{\"@type\":\"ImageObject\",\"inLanguage\":\"pl-PL\",\"@id\":\"https:\/\/srv7.stroniarz.pl\/czillas\/#\/schema\/logo\/image\/\",\"url\":\"https:\/\/srv7.stroniarz.pl\/czillas\/wp-content\/uploads\/2023\/03\/logo-3.png\",\"contentUrl\":\"https:\/\/srv7.stroniarz.pl\/czillas\/wp-content\/uploads\/2023\/03\/logo-3.png\",\"width\":457,\"height\":91,\"caption\":\"czilczas\"},\"image\":{\"@id\":\"https:\/\/srv7.stroniarz.pl\/czillas\/#\/schema\/logo\/image\/\"}}]}<\/script>\n<!-- \/ Yoast SEO plugin. -->","yoast_head_json":{"title":"Kontakt - czilczas","robots":{"index":"index","follow":"follow","max-snippet":"max-snippet:-1","max-image-preview":"max-image-preview:large","max-video-preview":"max-video-preview:-1"},"canonical":"https:\/\/srv7.stroniarz.pl\/czillas\/?page_id=697","og_locale":"pl_PL","og_type":"article","og_title":"Kontakt - czilczas","og_description":"Chillas Kontakt W przypadku rezerwacji i zapyta\u0144 prosimy o kontakt telefoniczny lub pisemny CzilLas Przewie\u017a wskaz\u00f3wka jak dojecha\u0107 Kliknij i nawiguj Iwona: +48 512 273 915Maciek: +48 503 567 566 \u00a0 Email: info@czillas.pl","og_url":"https:\/\/srv7.stroniarz.pl\/czillas\/?page_id=697","og_site_name":"czilczas","article_modified_time":"2024-04-17T09:25:54+00:00","twitter_card":"summary_large_image","twitter_misc":{"Szacowany czas czytania":"1 minuta"},"schema":{"@context":"https:\/\/schema.org","@graph":[{"@type":"WebPage","@id":"https:\/\/srv7.stroniarz.pl\/czillas\/?page_id=697","url":"https:\/\/srv7.stroniarz.pl\/czillas\/?page_id=697","name":"Kontakt - czilczas","isPartOf":{"@id":"https:\/\/srv7.stroniarz.pl\/czillas\/#website"},"datePublished":"2023-03-18T07:10:54+00:00","dateModified":"2024-04-17T09:25:54+00:00","breadcrumb":{"@id":"https:\/\/srv7.stroniarz.pl\/czillas\/?page_id=697#breadcrumb"},"inLanguage":"pl-PL","potentialAction":[{"@type":"ReadAction","target":["https:\/\/srv7.stroniarz.pl\/czillas\/?page_id=697"]}]},{"@type":"BreadcrumbList","@id":"https:\/\/srv7.stroniarz.pl\/czillas\/?page_id=697#breadcrumb","itemListElement":[{"@type":"ListItem","position":1,"name":"Home","item":"https:\/\/srv7.stroniarz.pl\/czillas\/"},{"@type":"ListItem","position":2,"name":"Kontakt"}]},{"@type":"WebSite","@id":"https:\/\/srv7.stroniarz.pl\/czillas\/#website","url":"https:\/\/srv7.stroniarz.pl\/czillas\/","name":"czilczas","description":"","publisher":{"@id":"https:\/\/srv7.stroniarz.pl\/czillas\/#organization"},"potentialAction":[{"@type":"SearchAction","target":{"@type":"EntryPoint","urlTemplate":"https:\/\/srv7.stroniarz.pl\/czillas\/?s={search_term_string}"},"query-input":"required name=search_term_string"}],"inLanguage":"pl-PL"},{"@type":"Organization","@id":"https:\/\/srv7.stroniarz.pl\/czillas\/#organization","name":"czilczas","url":"https:\/\/srv7.stroniarz.pl\/czillas\/","logo":{"@type":"ImageObject","inLanguage":"pl-PL","@id":"https:\/\/srv7.stroniarz.pl\/czillas\/#\/schema\/logo\/image\/","url":"https:\/\/srv7.stroniarz.pl\/czillas\/wp-content\/uploads\/2023\/03\/logo-3.png","contentUrl":"https:\/\/srv7.stroniarz.pl\/czillas\/wp-content\/uploads\/2023\/03\/logo-3.png","width":457,"height":91,"caption":"czilczas"},"image":{"@id":"https:\/\/srv7.stroniarz.pl\/czillas\/#\/schema\/logo\/image\/"}}]}},"_links":{"self":[{"href":"https:\/\/srv7.stroniarz.pl\/czillas\/index.php?rest_route=\/wp\/v2\/pages\/697","targetHints":{"allow":["GET"]}}],"collection":[{"href":"https:\/\/srv7.stroniarz.pl\/czillas\/index.php?rest_route=\/wp\/v2\/pages"}],"about":[{"href":"https:\/\/srv7.stroniarz.pl\/czillas\/index.php?rest_route=\/wp\/v2\/types\/page"}],"author":[{"embeddable":true,"href":"https:\/\/srv7.stroniarz.pl\/czillas\/index.php?rest_route=\/wp\/v2\/users\/1"}],"replies":[{"embeddable":true,"href":"https:\/\/srv7.stroniarz.pl\/czillas\/index.php?rest_route=%2Fwp%2Fv2%2Fcomments&post=697"}],"version-history":[{"count":34,"href":"https:\/\/srv7.stroniarz.pl\/czillas\/index.php?rest_route=\/wp\/v2\/pages\/697\/revisions"}],"predecessor-version":[{"id":2587,"href":"https:\/\/srv7.stroniarz.pl\/czillas\/index.php?rest_route=\/wp\/v2\/pages\/697\/revisions\/2587"}],"wp:attachment":[{"href":"https:\/\/srv7.stroniarz.pl\/czillas\/index.php?rest_route=%2Fwp%2Fv2%2Fmedia&parent=697"}],"curies":[{"name":"wp","href":"https:\/\/api.w.org\/{rel}","templated":true}]}}